{"id":415,"date":"2020-09-15T06:48:51","date_gmt":"2020-09-15T06:48:51","guid":{"rendered":"http:\/\/les-petites-pepites.fr\/index.php\/services\/"},"modified":"2023-10-17T11:04:15","modified_gmt":"2023-10-17T09:04:15","slug":"nos-services","status":"publish","type":"page","link":"https:\/\/les-petites-pepites.fr\/index.php\/nos-services\/","title":{"rendered":"Nos services"},"content":{"rendered":"\n<div class=\"wp-block-uagb-container uagb-block-79d714ad alignfull uagb-is-root-container\"><div class=\"uagb-container-inner-blocks-wrap\">\n<div class=\"wp-block-uagb-advanced-heading uagb-block-ca1e86ce\"><h1 class=\"uagb-heading-text\">NOS PRESTATIONS<\/h1><\/div>\n<\/div><\/div>\n\n\n\n<div class=\"wp-block-uagb-container uagb-block-fcc3edf8 alignfull uagb-is-root-container\"><div class=\"uagb-container-inner-blocks-wrap\">\n<div class=\"wp-block-uagb-advanced-heading uagb-block-779dd6a4\"><h2 class=\"uagb-heading-text\">NOS POSSIBILITES<\/h2><div class=\"uagb-separator\"><\/div><\/div>\n\n\n\n<div class=\"wp-block-uagb-container uagb-block-ad0481f5\">\n<div class=\"wp-block-uagb-container uagb-block-3f0bf9e7\">\n<div class=\"wp-block-uagb-info-box uagb-block-2a1ae873 uagb-infobox__content-wrap  uagb-infobox-icon-above-title uagb-infobox-image-valign-top\"><div class=\"uagb-ifb-content\"><div class=\"uagb-ifb-image-content\"><img decoding=\"async\" src=\"https:\/\/les-petites-pepites.fr\/wp-content\/uploads\/2023\/09\/MariageAmira_Damien17-10-2020KarolinaB1559-2048x1365-1.jpg\" alt=\"\" width=\"2048\" height=\"1365\" loading=\"lazy\"\/><\/div><div class=\"uagb-ifb-title-wrap\"><h5 class=\"uagb-ifb-title\">Wedding<\/h5><\/div><p class=\"uagb-ifb-desc\">Avec plus de 200 mariages \u00e0 notre actif, nous avons d\u00e9velopp\u00e9 une v\u00e9ritable philosophie de travail depuis la pr\u00e9paration jusqu&rsquo;au jour J, afin qu&rsquo;il vous ressemble vraiment !<\/p><div class=\"uagb-ifb-button-wrapper wp-block-button\"><a href=\"https:\/\/les-petites-pepites.fr\/index.php\/https-les-petites-pepites-fr-index-php-wedding\/\" class=\"uagb-infobox-cta-link wp-block-button__link\" target=\"_self\" rel=\"noopener noreferrer\" onclick=\"return true;\" alt=\"\"><span class=\"uagb-inline-editing\">EN SAVOIR PLUS<\/span><\/a><\/div><\/div><\/div>\n<\/div>\n\n\n\n<div class=\"wp-block-uagb-container uagb-block-218556d8\">\n<div class=\"wp-block-uagb-info-box uagb-block-ac66c7d1 uagb-infobox__content-wrap  uagb-infobox-icon-above-title uagb-infobox-image-valign-top\"><div class=\"uagb-ifb-content\"><div class=\"uagb-ifb-image-content\"><img decoding=\"async\" src=\"https:\/\/les-petites-pepites.fr\/wp-content\/uploads\/2023\/09\/regie-large.jpg\" alt=\"soir\u00e9e d'entreprise\" width=\"2048\" height=\"1365\" loading=\"lazy\"\/><\/div><div class=\"uagb-ifb-title-wrap\"><h5 class=\"uagb-ifb-title\">Soir\u00e9e corpo \/ entreprise<\/h5><\/div><p class=\"uagb-ifb-desc\">Un joli setup sobre, une sonorisation bien dimensionn\u00e9e selon le nombre de convives. Du cocktail seul jusqu&rsquo;\u00e0 la soir\u00e9e dansante de 30 \u00e0 500 personnes,, c\u2019est \u00e0 la carte , selon vos besoins.<\/p><div class=\"uagb-ifb-button-wrapper wp-block-button\"><a href=\"https:\/\/les-petites-pepites.fr\/index.php\/pro-2\/\" class=\"uagb-infobox-cta-link wp-block-button__link\" target=\"_blank\" rel=\"noopener noreferrer\" onclick=\"return true;\" alt=\"\"><span class=\"uagb-inline-editing\">EN SAVOIR PLUS<\/span><\/a><\/div><\/div><\/div>\n<\/div>\n<\/div>\n<\/div><\/div>\n\n\n\n<div class=\"wp-block-uagb-container uagb-block-367bb171 alignfull uagb-is-root-container\"><div class=\"uagb-container-inner-blocks-wrap\">\n<div class=\"wp-block-uagb-advanced-heading uagb-block-a782b3cb\"><h2 class=\"uagb-heading-text\">NOS OPTIONS&#8230;<\/h2><div class=\"uagb-separator\"><\/div><\/div>\n\n\n\n<div class=\"wp-block-uagb-container uagb-block-5467ce97\">\n<div class=\"wp-block-uagb-container uagb-block-06b76bb8\">\n<div class=\"wp-block-uagb-info-box uagb-block-e182e8cc uagb-infobox__content-wrap  uagb-infobox-icon-above-title uagb-infobox-image-valign-top\"><div class=\"uagb-ifb-content\"><div class=\"uagb-ifb-image-content\"><img decoding=\"async\" src=\"https:\/\/les-petites-pepites.fr\/wp-content\/uploads\/2023\/09\/D3_5914-1536x1024-1.jpg\" alt=\"\" width=\"1536\" height=\"1024\" loading=\"lazy\"\/><\/div><div class=\"uagb-ifb-title-wrap\"><h5 class=\"uagb-ifb-title\">Le bar a vinyles<\/h5><\/div><p class=\"uagb-ifb-desc\">Faites participer vos invit\u00e9s au cocktail avec cet atelier ludique !<\/p><\/div><\/div>\n<\/div>\n\n\n\n<div class=\"wp-block-uagb-container uagb-block-e3c5d364\">\n<div class=\"wp-block-uagb-info-box uagb-block-0f8a8f98 uagb-infobox__content-wrap  uagb-infobox-icon-above-title uagb-infobox-image-valign-top\"><div class=\"uagb-ifb-content\"><div class=\"uagb-ifb-image-content\"><img decoding=\"async\" src=\"https:\/\/les-petites-pepites.fr\/wp-content\/uploads\/2023\/09\/2022_SIL-NAT-793-scaled.jpg\" alt=\"\" width=\"2560\" height=\"1710\" loading=\"lazy\"\/><\/div><div class=\"uagb-ifb-title-wrap\"><h5 class=\"uagb-ifb-title\">DJ set soir\u00e9e<\/h5><\/div><p class=\"uagb-ifb-desc\">Notre solide exp\u00e9rience au profit de votre soir\u00e9e !<\/p><\/div><\/div>\n<\/div>\n<\/div>\n\n\n\n<div class=\"wp-block-uagb-container uagb-block-3d70687a\">\n<div class=\"wp-block-uagb-container uagb-block-350680ec\">\n<div class=\"wp-block-uagb-info-box uagb-block-5b403ab9 uagb-infobox__content-wrap  uagb-infobox-icon-above-title uagb-infobox-image-valign-top\"><div class=\"uagb-ifb-content\"><div class=\"uagb-ifb-image-content\"><img decoding=\"async\" src=\"https:\/\/les-petites-pepites.fr\/wp-content\/uploads\/2023\/10\/0419_MSP-452withoutglasses-scaled.jpg\" alt=\"dj toulouse\" width=\"2560\" height=\"1706\" loading=\"lazy\"\/><\/div><div class=\"uagb-ifb-title-wrap\"><h5 class=\"uagb-ifb-title\">Sonorisation cocktail<\/h5><\/div><p class=\"uagb-ifb-desc\">Vous d\u00e9terminez l\u2019univers musical et on s\u2019occupe du reste !<\/p><\/div><\/div>\n\n\n\n<div class=\"wp-block-uagb-info-box uagb-block-c82ca833 uagb-infobox__content-wrap  uagb-infobox-icon-above-title uagb-infobox-image-valign-top\"><div class=\"uagb-ifb-content\"><div class=\"uagb-ifb-image-content\"><img decoding=\"async\" src=\"https:\/\/les-petites-pepites.fr\/wp-content\/uploads\/2023\/09\/Anna-Kevin-296-1.jpg\" alt=\"\" width=\"1600\" height=\"1065\" loading=\"lazy\"\/><\/div><div class=\"uagb-ifb-title-wrap\"><h5 class=\"uagb-ifb-title\">Sonorisation c\u00e9r\u00e9monie<\/h5><\/div><p class=\"uagb-ifb-desc\">Pour que tous vos invit\u00e9s entendent clairement ce qu&rsquo;il se passe au premier rang<\/p><\/div><\/div>\n<\/div>\n\n\n\n<div class=\"wp-block-uagb-container uagb-block-5ba2e98d\">\n<div class=\"wp-block-uagb-info-box uagb-block-95387658 uagb-infobox__content-wrap  uagb-infobox-icon-above-title uagb-infobox-image-valign-top\"><div class=\"uagb-ifb-content\"><div class=\"uagb-ifb-image-content\"><img decoding=\"async\" src=\"https:\/\/les-petites-pepites.fr\/wp-content\/uploads\/2023\/09\/LR6_8115-scaled.jpg\" alt=\"\u00e9clairage de salle diner\" width=\"2560\" height=\"1703\" loading=\"lazy\"\/><\/div><div class=\"uagb-ifb-title-wrap\"><h5 class=\"uagb-ifb-title\">Eclairage architectural<\/h5><\/div><p class=\"uagb-ifb-desc\">Mise en lumi\u00e8re et valorisation de votre espace de r\u00e9ception.<\/p><\/div><\/div>\n\n\n\n<div class=\"wp-block-uagb-info-box uagb-block-ccfbc4d4 uagb-infobox__content-wrap  uagb-infobox-icon-above-title uagb-infobox-image-valign-top\"><div class=\"uagb-ifb-content\"><div class=\"uagb-ifb-image-content\"><img decoding=\"async\" src=\"https:\/\/les-petites-pepites.fr\/wp-content\/uploads\/2023\/09\/0614_MSP-674-scaled.jpg\" alt=\"\" width=\"2560\" height=\"1706\" loading=\"lazy\"\/><\/div><div class=\"uagb-ifb-title-wrap\"><h5 class=\"uagb-ifb-title\"><br>Sonorisation Diner<\/h5><\/div><p class=\"uagb-ifb-desc\">Lorsque le lieu de votre diner est diff\u00e9rent\/\u00e9loign\u00e9 de la piste de danse,<\/p><\/div><\/div>\n<\/div>\n<\/div>\n<\/div><\/div>\n","protected":false},"excerpt":{"rendered":"<p>NOS PRESTATIONS NOS POSSIBILITES NOS OPTIONS&#8230;<\/p>\n","protected":false},"author":1,"featured_media":0,"parent":0,"menu_order":0,"comment_status":"closed","ping_status":"closed","template":"","meta":{"_uag_custom_page_level_css":"","site-sidebar-layout":"no-sidebar","site-content-layout":"plain-container","ast-site-content-layout":"normal-width-container","site-content-style":"unboxed","site-sidebar-style":"unboxed","ast-global-header-display":"","ast-banner-title-visibility":"","ast-main-header-display":"","ast-hfb-above-header-display":"","ast-hfb-below-header-display":"","ast-hfb-mobile-header-display":"","site-post-title":"disabled","ast-breadcrumbs-content":"","ast-featured-img":"","footer-sml-layout":"","theme-transparent-header-meta":"enabled","adv-header-id-meta":"","stick-header-meta":"","header-above-stick-meta":"","header-main-stick-meta":"","header-below-stick-meta":"","astra-migrate-meta-layouts":"set","ast-page-background-enabled":"default","ast-page-background-meta":{"desktop":{"background-color":"","background-image":"","background-repeat":"repeat","background-position":"center center","background-size":"auto","background-attachment":"scroll","background-type":"","background-media":"","overlay-type":"","overlay-color":"","overlay-opacity":"","overlay-gradient":""},"tablet":{"background-color":"","background-image":"","background-repeat":"repeat","background-position":"center center","background-size":"auto","background-attachment":"scroll","background-type":"","background-media":"","overlay-type":"","overlay-color":"","overlay-opacity":"","overlay-gradient":""},"mobile":{"background-color":"","background-image":"","background-repeat":"repeat","background-position":"center center","background-size":"auto","background-attachment":"scroll","background-type":"","background-media":"","overlay-type":"","overlay-color":"","overlay-opacity":"","overlay-gradient":""}},"ast-content-background-meta":{"desktop":{"background-color":"var(--ast-global-color-5)","background-image":"","background-repeat":"repeat","background-position":"center center","background-size":"auto","background-attachment":"scroll","background-type":"","background-media":"","overlay-type":"","overlay-color":"","overlay-opacity":"","overlay-gradient":""},"tablet":{"background-color":"var(--ast-global-color-5)","background-image":"","background-repeat":"repeat","background-position":"center center","background-size":"auto","background-attachment":"scroll","background-type":"","background-media":"","overlay-type":"","overlay-color":"","overlay-opacity":"","overlay-gradient":""},"mobile":{"background-color":"var(--ast-global-color-5)","background-image":"","background-repeat":"repeat","background-position":"center center","background-size":"auto","background-attachment":"scroll","background-type":"","background-media":"","overlay-type":"","overlay-color":"","overlay-opacity":"","overlay-gradient":""}},"footnotes":""},"class_list":["post-415","page","type-page","status-publish","hentry"],"yoast_head":"<!-- This site is optimized with the Yoast SEO plugin v27.5 - https:\/\/yoast.com\/product\/yoast-seo-wordpress\/ -->\n<title>Nos services - Les petites p\u00e9pites DJ<\/title>\n<meta name=\"robots\" content=\"index, follow, max-snippet:-1, max-image-preview:large, max-video-preview:-1\" \/>\n<link rel=\"canonical\" href=\"https:\/\/les-petites-pepites.fr\/index.php\/nos-services\/\" \/>\n<meta property=\"og:locale\" content=\"fr_FR\" \/>\n<meta property=\"og:type\" content=\"article\" \/>\n<meta property=\"og:title\" content=\"Nos services - Les petites p\u00e9pites DJ\" \/>\n<meta property=\"og:description\" content=\"NOS PRESTATIONS NOS POSSIBILITES NOS OPTIONS&#8230;\" \/>\n<meta property=\"og:url\" content=\"https:\/\/les-petites-pepites.fr\/index.php\/nos-services\/\" \/>\n<meta property=\"og:site_name\" content=\"Les petites p\u00e9pites DJ\" \/>\n<meta property=\"article:publisher\" content=\"https:\/\/www.facebook.com\/lespetitespepites\" \/>\n<meta property=\"article:modified_time\" content=\"2023-10-17T09:04:15+00:00\" \/>\n<meta property=\"og:image\" content=\"http:\/\/les-petites-pepites.fr\/wp-content\/uploads\/2023\/09\/MariageAmira_Damien17-10-2020KarolinaB1559-2048x1365-1.jpg\" \/>\n<meta name=\"twitter:card\" content=\"summary_large_image\" \/>\n<meta name=\"twitter:label1\" content=\"Dur\u00e9e de lecture estim\u00e9e\" \/>\n\t<meta name=\"twitter:data1\" content=\"3 minutes\" \/>\n<script type=\"application\/ld+json\" class=\"yoast-schema-graph\">{\"@context\":\"https:\\\/\\\/schema.org\",\"@graph\":[{\"@type\":\"WebPage\",\"@id\":\"https:\\\/\\\/les-petites-pepites.fr\\\/index.php\\\/nos-services\\\/\",\"url\":\"https:\\\/\\\/les-petites-pepites.fr\\\/index.php\\\/nos-services\\\/\",\"name\":\"Nos services - Les petites p\u00e9pites DJ\",\"isPartOf\":{\"@id\":\"https:\\\/\\\/les-petites-pepites.fr\\\/#website\"},\"primaryImageOfPage\":{\"@id\":\"https:\\\/\\\/les-petites-pepites.fr\\\/index.php\\\/nos-services\\\/#primaryimage\"},\"image\":{\"@id\":\"https:\\\/\\\/les-petites-pepites.fr\\\/index.php\\\/nos-services\\\/#primaryimage\"},\"thumbnailUrl\":\"http:\\\/\\\/les-petites-pepites.fr\\\/wp-content\\\/uploads\\\/2023\\\/09\\\/MariageAmira_Damien17-10-2020KarolinaB1559-2048x1365-1.jpg\",\"datePublished\":\"2020-09-15T06:48:51+00:00\",\"dateModified\":\"2023-10-17T09:04:15+00:00\",\"breadcrumb\":{\"@id\":\"https:\\\/\\\/les-petites-pepites.fr\\\/index.php\\\/nos-services\\\/#breadcrumb\"},\"inLanguage\":\"fr-FR\",\"potentialAction\":[{\"@type\":\"ReadAction\",\"target\":[\"https:\\\/\\\/les-petites-pepites.fr\\\/index.php\\\/nos-services\\\/\"]}]},{\"@type\":\"ImageObject\",\"inLanguage\":\"fr-FR\",\"@id\":\"https:\\\/\\\/les-petites-pepites.fr\\\/index.php\\\/nos-services\\\/#primaryimage\",\"url\":\"http:\\\/\\\/les-petites-pepites.fr\\\/wp-content\\\/uploads\\\/2023\\\/09\\\/MariageAmira_Damien17-10-2020KarolinaB1559-2048x1365-1.jpg\",\"contentUrl\":\"http:\\\/\\\/les-petites-pepites.fr\\\/wp-content\\\/uploads\\\/2023\\\/09\\\/MariageAmira_Damien17-10-2020KarolinaB1559-2048x1365-1.jpg\"},{\"@type\":\"BreadcrumbList\",\"@id\":\"https:\\\/\\\/les-petites-pepites.fr\\\/index.php\\\/nos-services\\\/#breadcrumb\",\"itemListElement\":[{\"@type\":\"ListItem\",\"position\":1,\"name\":\"Accueil\",\"item\":\"https:\\\/\\\/les-petites-pepites.fr\\\/\"},{\"@type\":\"ListItem\",\"position\":2,\"name\":\"Nos services\"}]},{\"@type\":\"WebSite\",\"@id\":\"https:\\\/\\\/les-petites-pepites.fr\\\/#website\",\"url\":\"https:\\\/\\\/les-petites-pepites.fr\\\/\",\"name\":\"Les petites p\u00e9pites DJ\",\"description\":\"Du bon son pour vos evenements\",\"publisher\":{\"@id\":\"https:\\\/\\\/les-petites-pepites.fr\\\/#organization\"},\"potentialAction\":[{\"@type\":\"SearchAction\",\"target\":{\"@type\":\"EntryPoint\",\"urlTemplate\":\"https:\\\/\\\/les-petites-pepites.fr\\\/?s={search_term_string}\"},\"query-input\":{\"@type\":\"PropertyValueSpecification\",\"valueRequired\":true,\"valueName\":\"search_term_string\"}}],\"inLanguage\":\"fr-FR\"},{\"@type\":\"Organization\",\"@id\":\"https:\\\/\\\/les-petites-pepites.fr\\\/#organization\",\"name\":\"Les petites p\u00e9pites DJ\",\"url\":\"https:\\\/\\\/les-petites-pepites.fr\\\/\",\"logo\":{\"@type\":\"ImageObject\",\"inLanguage\":\"fr-FR\",\"@id\":\"https:\\\/\\\/les-petites-pepites.fr\\\/#\\\/schema\\\/logo\\\/image\\\/\",\"url\":\"https:\\\/\\\/les-petites-pepites.fr\\\/wp-content\\\/uploads\\\/2023\\\/09\\\/cropped-Plan-de-travail-1.png\",\"contentUrl\":\"https:\\\/\\\/les-petites-pepites.fr\\\/wp-content\\\/uploads\\\/2023\\\/09\\\/cropped-Plan-de-travail-1.png\",\"width\":141,\"height\":142,\"caption\":\"Les petites p\u00e9pites DJ\"},\"image\":{\"@id\":\"https:\\\/\\\/les-petites-pepites.fr\\\/#\\\/schema\\\/logo\\\/image\\\/\"},\"sameAs\":[\"https:\\\/\\\/www.facebook.com\\\/lespetitespepites\",\"https:\\\/\\\/www.instagram.com\\\/les.petites.pepites.dj\\\/\",\"https:\\\/\\\/linktr.ee\\\/lespetitespepites\",\"https:\\\/\\\/open.spotify.com\\\/user\\\/11128326411?si=520dda07c78b45e3&nd=1\",\"https:\\\/\\\/fr.linkedin.com\\\/company\\\/les-petites-ppites-djs\"]}]}<\/script>\n<!-- \/ Yoast SEO plugin. -->","yoast_head_json":{"title":"Nos services - Les petites p\u00e9pites DJ","robots":{"index":"index","follow":"follow","max-snippet":"max-snippet:-1","max-image-preview":"max-image-preview:large","max-video-preview":"max-video-preview:-1"},"canonical":"https:\/\/les-petites-pepites.fr\/index.php\/nos-services\/","og_locale":"fr_FR","og_type":"article","og_title":"Nos services - Les petites p\u00e9pites DJ","og_description":"NOS PRESTATIONS NOS POSSIBILITES NOS OPTIONS&#8230;","og_url":"https:\/\/les-petites-pepites.fr\/index.php\/nos-services\/","og_site_name":"Les petites p\u00e9pites DJ","article_publisher":"https:\/\/www.facebook.com\/lespetitespepites","article_modified_time":"2023-10-17T09:04:15+00:00","og_image":[{"url":"http:\/\/les-petites-pepites.fr\/wp-content\/uploads\/2023\/09\/MariageAmira_Damien17-10-2020KarolinaB1559-2048x1365-1.jpg","type":"","width":"","height":""}],"twitter_card":"summary_large_image","twitter_misc":{"Dur\u00e9e de lecture estim\u00e9e":"3 minutes"},"schema":{"@context":"https:\/\/schema.org","@graph":[{"@type":"WebPage","@id":"https:\/\/les-petites-pepites.fr\/index.php\/nos-services\/","url":"https:\/\/les-petites-pepites.fr\/index.php\/nos-services\/","name":"Nos services - Les petites p\u00e9pites DJ","isPartOf":{"@id":"https:\/\/les-petites-pepites.fr\/#website"},"primaryImageOfPage":{"@id":"https:\/\/les-petites-pepites.fr\/index.php\/nos-services\/#primaryimage"},"image":{"@id":"https:\/\/les-petites-pepites.fr\/index.php\/nos-services\/#primaryimage"},"thumbnailUrl":"http:\/\/les-petites-pepites.fr\/wp-content\/uploads\/2023\/09\/MariageAmira_Damien17-10-2020KarolinaB1559-2048x1365-1.jpg","datePublished":"2020-09-15T06:48:51+00:00","dateModified":"2023-10-17T09:04:15+00:00","breadcrumb":{"@id":"https:\/\/les-petites-pepites.fr\/index.php\/nos-services\/#breadcrumb"},"inLanguage":"fr-FR","potentialAction":[{"@type":"ReadAction","target":["https:\/\/les-petites-pepites.fr\/index.php\/nos-services\/"]}]},{"@type":"ImageObject","inLanguage":"fr-FR","@id":"https:\/\/les-petites-pepites.fr\/index.php\/nos-services\/#primaryimage","url":"http:\/\/les-petites-pepites.fr\/wp-content\/uploads\/2023\/09\/MariageAmira_Damien17-10-2020KarolinaB1559-2048x1365-1.jpg","contentUrl":"http:\/\/les-petites-pepites.fr\/wp-content\/uploads\/2023\/09\/MariageAmira_Damien17-10-2020KarolinaB1559-2048x1365-1.jpg"},{"@type":"BreadcrumbList","@id":"https:\/\/les-petites-pepites.fr\/index.php\/nos-services\/#breadcrumb","itemListElement":[{"@type":"ListItem","position":1,"name":"Accueil","item":"https:\/\/les-petites-pepites.fr\/"},{"@type":"ListItem","position":2,"name":"Nos services"}]},{"@type":"WebSite","@id":"https:\/\/les-petites-pepites.fr\/#website","url":"https:\/\/les-petites-pepites.fr\/","name":"Les petites p\u00e9pites DJ","description":"Du bon son pour vos evenements","publisher":{"@id":"https:\/\/les-petites-pepites.fr\/#organization"},"potentialAction":[{"@type":"SearchAction","target":{"@type":"EntryPoint","urlTemplate":"https:\/\/les-petites-pepites.fr\/?s={search_term_string}"},"query-input":{"@type":"PropertyValueSpecification","valueRequired":true,"valueName":"search_term_string"}}],"inLanguage":"fr-FR"},{"@type":"Organization","@id":"https:\/\/les-petites-pepites.fr\/#organization","name":"Les petites p\u00e9pites DJ","url":"https:\/\/les-petites-pepites.fr\/","logo":{"@type":"ImageObject","inLanguage":"fr-FR","@id":"https:\/\/les-petites-pepites.fr\/#\/schema\/logo\/image\/","url":"https:\/\/les-petites-pepites.fr\/wp-content\/uploads\/2023\/09\/cropped-Plan-de-travail-1.png","contentUrl":"https:\/\/les-petites-pepites.fr\/wp-content\/uploads\/2023\/09\/cropped-Plan-de-travail-1.png","width":141,"height":142,"caption":"Les petites p\u00e9pites DJ"},"image":{"@id":"https:\/\/les-petites-pepites.fr\/#\/schema\/logo\/image\/"},"sameAs":["https:\/\/www.facebook.com\/lespetitespepites","https:\/\/www.instagram.com\/les.petites.pepites.dj\/","https:\/\/linktr.ee\/lespetitespepites","https:\/\/open.spotify.com\/user\/11128326411?si=520dda07c78b45e3&nd=1","https:\/\/fr.linkedin.com\/company\/les-petites-ppites-djs"]}]}},"uagb_featured_image_src":{"full":false,"thumbnail":false,"medium":false,"medium_large":false,"large":false,"1536x1536":false,"2048x2048":false},"uagb_author_info":{"display_name":"sebastien Dolt","author_link":"https:\/\/les-petites-pepites.fr\/index.php\/author\/admin2293\/"},"uagb_comment_info":0,"uagb_excerpt":"NOS PRESTATIONS NOS POSSIBILITES NOS OPTIONS&#8230;","_links":{"self":[{"href":"https:\/\/les-petites-pepites.fr\/index.php\/wp-json\/wp\/v2\/pages\/415","targetHints":{"allow":["GET"]}}],"collection":[{"href":"https:\/\/les-petites-pepites.fr\/index.php\/wp-json\/wp\/v2\/pages"}],"about":[{"href":"https:\/\/les-petites-pepites.fr\/index.php\/wp-json\/wp\/v2\/types\/page"}],"author":[{"embeddable":true,"href":"https:\/\/les-petites-pepites.fr\/index.php\/wp-json\/wp\/v2\/users\/1"}],"replies":[{"embeddable":true,"href":"https:\/\/les-petites-pepites.fr\/index.php\/wp-json\/wp\/v2\/comments?post=415"}],"version-history":[{"count":19,"href":"https:\/\/les-petites-pepites.fr\/index.php\/wp-json\/wp\/v2\/pages\/415\/revisions"}],"predecessor-version":[{"id":1298,"href":"https:\/\/les-petites-pepites.fr\/index.php\/wp-json\/wp\/v2\/pages\/415\/revisions\/1298"}],"wp:attachment":[{"href":"https:\/\/les-petites-pepites.fr\/index.php\/wp-json\/wp\/v2\/media?parent=415"}],"curies":[{"name":"wp","href":"https:\/\/api.w.org\/{rel}","templated":true}]}}