{"id":2,"date":"2023-09-07T12:30:40","date_gmt":"2023-09-07T10:30:40","guid":{"rendered":"http:\/\/les-petites-pepites.fr\/?page_id=2"},"modified":"2023-10-14T08:23:57","modified_gmt":"2023-10-14T06:23:57","slug":"nos-playlists","status":"publish","type":"page","link":"https:\/\/les-petites-pepites.fr\/index.php\/nos-playlists\/","title":{"rendered":"playlists"},"content":{"rendered":"\n<div class=\"wp-block-uagb-container uagb-block-79d714ad alignfull uagb-is-root-container\"><div class=\"uagb-container-inner-blocks-wrap\">\n<div class=\"wp-block-uagb-advanced-heading uagb-block-ca1e86ce\"><h1 class=\"uagb-heading-text\">NOS PLAYLISTS<\/h1><\/div>\n<\/div><\/div>\n\n\n\n<div style=\"height:50px\" aria-hidden=\"true\" class=\"wp-block-spacer\"><\/div>\n\n\n\n<p class=\"has-text-align-center has-medium-font-size\">Retrouvez ici des playlists \u00ab types \u00bb, pour d\u00e9couvrir <strong>une infime partie de ce que l\u2019on peut vous proposer. <\/strong> <\/p>\n\n\n\n<p class=\"has-text-align-center has-medium-font-size\">Comme chaque moment, chaque \u00e9v\u00e8nement est diff\u00e8rent, <strong>on vous concoctera donc toujours des playlists sur mesure<\/strong>, selon vos souhaits musicaux et <strong>avec le DJ qui correspond le mieux a vos attentes<\/strong> ! Nous sommes capables de vous proposer une s\u00e9lection musicale allant de morceaux classiques et connus de tous jusqu&rsquo;\u00e0 une s\u00e9lection beaucoup plus pointue&#8230;<strong>C&rsquo;est vous qui d\u00e9cidez !<\/strong><\/p>\n\n\n\n<p class=\"has-text-align-center has-large-font-size\"><strong>Enjoy !<\/strong><\/p>\n\n\n\n<p class=\"has-text-align-center has-large-font-size\"><strong>Au cocktail<\/strong><\/p>\n\n\n\n<div class=\"wp-block-uagb-container uagb-block-7edf89d1 alignfull uagb-is-root-container\"><div class=\"uagb-container-inner-blocks-wrap\">\n<div class=\"wp-block-uagb-container uagb-block-679f737f\">\n<iframe style=\"border-radius:12px\" src=\"https:\/\/open.spotify.com\/embed\/playlist\/6ufB3FANohjZN3xIERt4Yh?utm_source=generator\" width=\"100%\" height=\"352\" frameBorder=\"0\" allowfullscreen=\"\" allow=\"autoplay; clipboard-write; encrypted-media; fullscreen; picture-in-picture\" loading=\"lazy\"><\/iframe>\n<\/div>\n\n\n\n<div class=\"wp-block-uagb-container uagb-block-b0ac107b\">\n<iframe style=\"border-radius:12px\" src=\"https:\/\/open.spotify.com\/embed\/playlist\/4ihDpmcYfFsKzzpaUCH6eR?utm_source=generator&#038;theme=0\" width=\"100%\" height=\"352\" frameBorder=\"0\" allowfullscreen=\"\" allow=\"autoplay; clipboard-write; encrypted-media; fullscreen; picture-in-picture\" loading=\"lazy\"><\/iframe>\n<\/div>\n\n\n\n<div class=\"wp-block-uagb-container uagb-block-49a9a63f\">\n<iframe style=\"border-radius:12px\" src=\"https:\/\/open.spotify.com\/embed\/playlist\/7eErwJMLHugzKyZ5cIjIqF?utm_source=generator\" width=\"100%\" height=\"352\" frameBorder=\"0\" allowfullscreen=\"\" allow=\"autoplay; clipboard-write; encrypted-media; fullscreen; picture-in-picture\" loading=\"lazy\"><\/iframe>\n<\/div>\n<\/div><\/div>\n\n\n\n<p><\/p>\n\n\n\n<div style=\"height:39px\" aria-hidden=\"true\" class=\"wp-block-spacer\"><\/div>\n\n\n\n<p class=\"has-text-align-center has-large-font-size\"><strong>La soir\u00e9e<\/strong><\/p>\n\n\n\n<p class=\"has-text-align-center has-medium-font-size\">Par \u00e9poque<\/p>\n\n\n\n<div class=\"wp-block-uagb-container uagb-block-158f8b24 alignfull uagb-is-root-container\"><div class=\"uagb-container-inner-blocks-wrap\">\n<div class=\"wp-block-uagb-container uagb-block-d8e77e0f\">\n<iframe style=\"border-radius:12px\" src=\"https:\/\/open.spotify.com\/embed\/playlist\/7pb0auNTNxNwqjN0DSdcpn?utm_source=generator\" width=\"100%\" height=\"352\" frameBorder=\"0\" allowfullscreen=\"\" allow=\"autoplay; clipboard-write; encrypted-media; fullscreen; picture-in-picture\" loading=\"lazy\"><\/iframe>\n<\/div>\n\n\n\n<div class=\"wp-block-uagb-container uagb-block-dcd738b9\">\n<iframe style=\"border-radius:12px\" src=\"https:\/\/open.spotify.com\/embed\/playlist\/28dZR1BiILZnvbGvGnTXvb?utm_source=generator\" width=\"100%\" height=\"352\" frameBorder=\"0\" allowfullscreen=\"\" allow=\"autoplay; clipboard-write; encrypted-media; fullscreen; picture-in-picture\" loading=\"lazy\"><\/iframe>\n<\/div>\n\n\n\n<div class=\"wp-block-uagb-container uagb-block-dc3a2102\">\n<iframe style=\"border-radius:12px\" src=\"https:\/\/open.spotify.com\/embed\/playlist\/1wxvoyezpiLF6cvZzk5OE1?utm_source=generator\" width=\"100%\" height=\"352\" frameBorder=\"0\" allowfullscreen=\"\" allow=\"autoplay; clipboard-write; encrypted-media; fullscreen; picture-in-picture\" loading=\"lazy\"><\/iframe>\n<\/div>\n\n\n\n<div class=\"wp-block-uagb-container uagb-block-c8b4cce4\">\n<iframe style=\"border-radius:12px\" src=\"https:\/\/open.spotify.com\/embed\/playlist\/0dAJezyGvAP9x9mjOxHAgv?utm_source=generator\" width=\"100%\" height=\"352\" frameBorder=\"0\" allowfullscreen=\"\" allow=\"autoplay; clipboard-write; encrypted-media; fullscreen; picture-in-picture\" loading=\"lazy\"><\/iframe>\n<\/div>\n<\/div><\/div>\n\n\n\n<p><\/p>\n\n\n\n<p class=\"has-text-align-center has-medium-font-size\">Par genre<\/p>\n\n\n\n<div class=\"wp-block-uagb-container uagb-block-4b75319c alignfull uagb-is-root-container\"><div class=\"uagb-container-inner-blocks-wrap\">\n<div class=\"wp-block-uagb-container uagb-block-55a9b5a9\">\n<iframe style=\"border-radius:12px\" src=\"https:\/\/open.spotify.com\/embed\/playlist\/6jeDWSzG1IoC1UfvtnK18c?utm_source=generator\" width=\"100%\" height=\"352\" frameBorder=\"0\" allowfullscreen=\"\" allow=\"autoplay; clipboard-write; encrypted-media; fullscreen; picture-in-picture\" loading=\"lazy\"><\/iframe>\n<\/div>\n\n\n\n<div class=\"wp-block-uagb-container uagb-block-885f43c0\">\n<iframe style=\"border-radius:12px\" src=\"https:\/\/open.spotify.com\/embed\/playlist\/1eTFJcaVUqzno7f457ez49?utm_source=generator\" width=\"100%\" height=\"352\" frameBorder=\"0\" allowfullscreen=\"\" allow=\"autoplay; clipboard-write; encrypted-media; fullscreen; picture-in-picture\" loading=\"lazy\"><\/iframe>\n<\/div>\n\n\n\n<div class=\"wp-block-uagb-container uagb-block-c2c11d3b\">\n<iframe style=\"border-radius:12px\" src=\"https:\/\/open.spotify.com\/embed\/playlist\/51s0GEep2MbR6tdfffq7Qj?utm_source=generator\" width=\"100%\" height=\"352\" frameBorder=\"0\" allowfullscreen=\"\" allow=\"autoplay; clipboard-write; encrypted-media; fullscreen; picture-in-picture\" loading=\"lazy\"><\/iframe>\n<\/div>\n\n\n\n<div class=\"wp-block-uagb-container uagb-block-8483f07a\">\n<iframe style=\"border-radius:12px\" src=\"https:\/\/open.spotify.com\/embed\/playlist\/5OI8C5rgUJRGlB3JiWWKdI?utm_source=generator\" width=\"100%\" height=\"352\" frameBorder=\"0\" allowfullscreen=\"\" allow=\"autoplay; clipboard-write; encrypted-media; fullscreen; picture-in-picture\" loading=\"lazy\"><\/iframe>\n<\/div>\n<\/div><\/div>\n\n\n\n<p><\/p>\n\n\n\n<div style=\"height:39px\" aria-hidden=\"true\" class=\"wp-block-spacer\"><\/div>\n\n\n\n<p class=\"has-text-align-center has-medium-font-size\">Et aussi, nos playlists type pour votre diner<\/p>\n\n\n\n<div class=\"wp-block-uagb-container uagb-block-f763996f alignfull uagb-is-root-container\"><div class=\"uagb-container-inner-blocks-wrap\">\n<div class=\"wp-block-uagb-container uagb-block-b25a3823\">\n<iframe style=\"border-radius:12px\" src=\"https:\/\/open.spotify.com\/embed\/playlist\/4IDTncrGOoN3GHadvJIJ69?utm_source=generator\" width=\"100%\" height=\"352\" frameBorder=\"0\" allowfullscreen=\"\" allow=\"autoplay; clipboard-write; encrypted-media; fullscreen; picture-in-picture\" loading=\"lazy\"><\/iframe>\n<\/div>\n\n\n\n<div class=\"wp-block-uagb-container uagb-block-1040b4d5\">\n<iframe style=\"border-radius:12px\" src=\"https:\/\/open.spotify.com\/embed\/playlist\/2hII4AN5JWymF2Y1h2Fxf9?utm_source=generator\" width=\"100%\" height=\"352\" frameBorder=\"0\" allowfullscreen=\"\" allow=\"autoplay; clipboard-write; encrypted-media; fullscreen; picture-in-picture\" loading=\"lazy\"><\/iframe>\n<\/div>\n\n\n\n<div class=\"wp-block-uagb-container uagb-block-3a2ff9e8\">\n<iframe style=\"border-radius:12px\" src=\"https:\/\/open.spotify.com\/embed\/playlist\/3YTLpaH3PmMsOjKbwlzFoB?utm_source=generator\" width=\"100%\" height=\"352\" frameBorder=\"0\" allowfullscreen=\"\" allow=\"autoplay; clipboard-write; encrypted-media; fullscreen; picture-in-picture\" loading=\"lazy\"><\/iframe>\n<\/div>\n\n\n\n<div class=\"wp-block-uagb-container uagb-block-a0630cdc\">\n<iframe style=\"border-radius:12px\" src=\"https:\/\/open.spotify.com\/embed\/playlist\/5Txliy4ILLb1FN1U48py7I?utm_source=generator\" width=\"100%\" height=\"352\" frameBorder=\"0\" allowfullscreen=\"\" allow=\"autoplay; clipboard-write; encrypted-media; fullscreen; picture-in-picture\" loading=\"lazy\"><\/iframe>\n<\/div>\n<\/div><\/div>\n\n\n\n<div style=\"height:80px\" aria-hidden=\"true\" class=\"wp-block-spacer\"><\/div>\n","protected":false},"excerpt":{"rendered":"<p>NOS PLAYLISTS Retrouvez ici des playlists \u00ab types \u00bb, pour d\u00e9couvrir une infime partie de ce que l\u2019on peut vous proposer. Comme chaque moment, chaque \u00e9v\u00e8nement est diff\u00e8rent, on vous concoctera donc toujours des playlists sur mesure, selon vos souhaits musicaux et avec le DJ qui correspond le mieux a vos attentes ! Nous sommes [&hellip;]<\/p>\n","protected":false},"author":1,"featured_media":0,"parent":0,"menu_order":0,"comment_status":"closed","ping_status":"open","template":"","meta":{"_uag_custom_page_level_css":"","site-sidebar-layout":"no-sidebar","site-content-layout":"","ast-site-content-layout":"normal-width-container","site-content-style":"unboxed","site-sidebar-style":"unboxed","ast-global-header-display":"","ast-banner-title-visibility":"","ast-main-header-display":"","ast-hfb-above-header-display":"","ast-hfb-below-header-display":"","ast-hfb-mobile-header-display":"","site-post-title":"disabled","ast-breadcrumbs-content":"","ast-featured-img":"","footer-sml-layout":"","theme-transparent-header-meta":"","adv-header-id-meta":"","stick-header-meta":"","header-above-stick-meta":"","header-main-stick-meta":"","header-below-stick-meta":"","astra-migrate-meta-layouts":"set","ast-page-background-enabled":"default","ast-page-background-meta":{"desktop":{"background-color":"","background-image":"","background-repeat":"repeat","background-position":"center center","background-size":"auto","background-attachment":"scroll","background-type":"","background-media":"","overlay-type":"","overlay-color":"","overlay-opacity":"","overlay-gradient":""},"tablet":{"background-color":"","background-image":"","background-repeat":"repeat","background-position":"center center","background-size":"auto","background-attachment":"scroll","background-type":"","background-media":"","overlay-type":"","overlay-color":"","overlay-opacity":"","overlay-gradient":""},"mobile":{"background-color":"","background-image":"","background-repeat":"repeat","background-position":"center center","background-size":"auto","background-attachment":"scroll","background-type":"","background-media":"","overlay-type":"","overlay-color":"","overlay-opacity":"","overlay-gradient":""}},"ast-content-background-meta":{"desktop":{"background-color":"var(--ast-global-color-5)","background-image":"","background-repeat":"repeat","background-position":"center center","background-size":"auto","background-attachment":"scroll","background-type":"","background-media":"","overlay-type":"","overlay-color":"","overlay-opacity":"","overlay-gradient":""},"tablet":{"background-color":"var(--ast-global-color-5)","background-image":"","background-repeat":"repeat","background-position":"center center","background-size":"auto","background-attachment":"scroll","background-type":"","background-media":"","overlay-type":"","overlay-color":"","overlay-opacity":"","overlay-gradient":""},"mobile":{"background-color":"var(--ast-global-color-5)","background-image":"","background-repeat":"repeat","background-position":"center center","background-size":"auto","background-attachment":"scroll","background-type":"","background-media":"","overlay-type":"","overlay-color":"","overlay-opacity":"","overlay-gradient":""}},"footnotes":""},"class_list":["post-2","page","type-page","status-publish","hentry"],"yoast_head":"<!-- This site is optimized with the Yoast SEO plugin v27.4 - https:\/\/yoast.com\/product\/yoast-seo-wordpress\/ -->\n<title>playlists - Les petites p\u00e9pites DJ<\/title>\n<meta name=\"robots\" content=\"index, follow, max-snippet:-1, max-image-preview:large, max-video-preview:-1\" \/>\n<link rel=\"canonical\" href=\"https:\/\/les-petites-pepites.fr\/index.php\/nos-playlists\/\" \/>\n<meta property=\"og:locale\" content=\"fr_FR\" \/>\n<meta property=\"og:type\" content=\"article\" \/>\n<meta property=\"og:title\" content=\"playlists - Les petites p\u00e9pites DJ\" \/>\n<meta property=\"og:description\" content=\"NOS PLAYLISTS Retrouvez ici des playlists \u00ab types \u00bb, pour d\u00e9couvrir une infime partie de ce que l\u2019on peut vous proposer. Comme chaque moment, chaque \u00e9v\u00e8nement est diff\u00e8rent, on vous concoctera donc toujours des playlists sur mesure, selon vos souhaits musicaux et avec le DJ qui correspond le mieux a vos attentes ! Nous sommes [&hellip;]\" \/>\n<meta property=\"og:url\" content=\"https:\/\/les-petites-pepites.fr\/index.php\/nos-playlists\/\" \/>\n<meta property=\"og:site_name\" content=\"Les petites p\u00e9pites DJ\" \/>\n<meta property=\"article:publisher\" content=\"https:\/\/www.facebook.com\/lespetitespepites\" \/>\n<meta property=\"article:modified_time\" content=\"2023-10-14T06:23:57+00:00\" \/>\n<meta name=\"twitter:card\" content=\"summary_large_image\" \/>\n<meta name=\"twitter:label1\" content=\"Dur\u00e9e de lecture estim\u00e9e\" \/>\n\t<meta name=\"twitter:data1\" content=\"1 minute\" \/>\n<script type=\"application\/ld+json\" class=\"yoast-schema-graph\">{\"@context\":\"https:\\\/\\\/schema.org\",\"@graph\":[{\"@type\":\"WebPage\",\"@id\":\"https:\\\/\\\/les-petites-pepites.fr\\\/index.php\\\/nos-playlists\\\/\",\"url\":\"https:\\\/\\\/les-petites-pepites.fr\\\/index.php\\\/nos-playlists\\\/\",\"name\":\"playlists - Les petites p\u00e9pites DJ\",\"isPartOf\":{\"@id\":\"https:\\\/\\\/les-petites-pepites.fr\\\/#website\"},\"datePublished\":\"2023-09-07T10:30:40+00:00\",\"dateModified\":\"2023-10-14T06:23:57+00:00\",\"breadcrumb\":{\"@id\":\"https:\\\/\\\/les-petites-pepites.fr\\\/index.php\\\/nos-playlists\\\/#breadcrumb\"},\"inLanguage\":\"fr-FR\",\"potentialAction\":[{\"@type\":\"ReadAction\",\"target\":[\"https:\\\/\\\/les-petites-pepites.fr\\\/index.php\\\/nos-playlists\\\/\"]}]},{\"@type\":\"BreadcrumbList\",\"@id\":\"https:\\\/\\\/les-petites-pepites.fr\\\/index.php\\\/nos-playlists\\\/#breadcrumb\",\"itemListElement\":[{\"@type\":\"ListItem\",\"position\":1,\"name\":\"Accueil\",\"item\":\"https:\\\/\\\/les-petites-pepites.fr\\\/\"},{\"@type\":\"ListItem\",\"position\":2,\"name\":\"playlists\"}]},{\"@type\":\"WebSite\",\"@id\":\"https:\\\/\\\/les-petites-pepites.fr\\\/#website\",\"url\":\"https:\\\/\\\/les-petites-pepites.fr\\\/\",\"name\":\"Les petites p\u00e9pites DJ\",\"description\":\"Du bon son pour vos evenements\",\"publisher\":{\"@id\":\"https:\\\/\\\/les-petites-pepites.fr\\\/#organization\"},\"potentialAction\":[{\"@type\":\"SearchAction\",\"target\":{\"@type\":\"EntryPoint\",\"urlTemplate\":\"https:\\\/\\\/les-petites-pepites.fr\\\/?s={search_term_string}\"},\"query-input\":{\"@type\":\"PropertyValueSpecification\",\"valueRequired\":true,\"valueName\":\"search_term_string\"}}],\"inLanguage\":\"fr-FR\"},{\"@type\":\"Organization\",\"@id\":\"https:\\\/\\\/les-petites-pepites.fr\\\/#organization\",\"name\":\"Les petites p\u00e9pites DJ\",\"url\":\"https:\\\/\\\/les-petites-pepites.fr\\\/\",\"logo\":{\"@type\":\"ImageObject\",\"inLanguage\":\"fr-FR\",\"@id\":\"https:\\\/\\\/les-petites-pepites.fr\\\/#\\\/schema\\\/logo\\\/image\\\/\",\"url\":\"https:\\\/\\\/les-petites-pepites.fr\\\/wp-content\\\/uploads\\\/2023\\\/09\\\/cropped-Plan-de-travail-1.png\",\"contentUrl\":\"https:\\\/\\\/les-petites-pepites.fr\\\/wp-content\\\/uploads\\\/2023\\\/09\\\/cropped-Plan-de-travail-1.png\",\"width\":141,\"height\":142,\"caption\":\"Les petites p\u00e9pites DJ\"},\"image\":{\"@id\":\"https:\\\/\\\/les-petites-pepites.fr\\\/#\\\/schema\\\/logo\\\/image\\\/\"},\"sameAs\":[\"https:\\\/\\\/www.facebook.com\\\/lespetitespepites\",\"https:\\\/\\\/www.instagram.com\\\/les.petites.pepites.dj\\\/\",\"https:\\\/\\\/linktr.ee\\\/lespetitespepites\",\"https:\\\/\\\/open.spotify.com\\\/user\\\/11128326411?si=520dda07c78b45e3&nd=1\",\"https:\\\/\\\/fr.linkedin.com\\\/company\\\/les-petites-ppites-djs\"]}]}<\/script>\n<!-- \/ Yoast SEO plugin. -->","yoast_head_json":{"title":"playlists - Les petites p\u00e9pites DJ","robots":{"index":"index","follow":"follow","max-snippet":"max-snippet:-1","max-image-preview":"max-image-preview:large","max-video-preview":"max-video-preview:-1"},"canonical":"https:\/\/les-petites-pepites.fr\/index.php\/nos-playlists\/","og_locale":"fr_FR","og_type":"article","og_title":"playlists - Les petites p\u00e9pites DJ","og_description":"NOS PLAYLISTS Retrouvez ici des playlists \u00ab types \u00bb, pour d\u00e9couvrir une infime partie de ce que l\u2019on peut vous proposer. Comme chaque moment, chaque \u00e9v\u00e8nement est diff\u00e8rent, on vous concoctera donc toujours des playlists sur mesure, selon vos souhaits musicaux et avec le DJ qui correspond le mieux a vos attentes ! Nous sommes [&hellip;]","og_url":"https:\/\/les-petites-pepites.fr\/index.php\/nos-playlists\/","og_site_name":"Les petites p\u00e9pites DJ","article_publisher":"https:\/\/www.facebook.com\/lespetitespepites","article_modified_time":"2023-10-14T06:23:57+00:00","twitter_card":"summary_large_image","twitter_misc":{"Dur\u00e9e de lecture estim\u00e9e":"1 minute"},"schema":{"@context":"https:\/\/schema.org","@graph":[{"@type":"WebPage","@id":"https:\/\/les-petites-pepites.fr\/index.php\/nos-playlists\/","url":"https:\/\/les-petites-pepites.fr\/index.php\/nos-playlists\/","name":"playlists - Les petites p\u00e9pites DJ","isPartOf":{"@id":"https:\/\/les-petites-pepites.fr\/#website"},"datePublished":"2023-09-07T10:30:40+00:00","dateModified":"2023-10-14T06:23:57+00:00","breadcrumb":{"@id":"https:\/\/les-petites-pepites.fr\/index.php\/nos-playlists\/#breadcrumb"},"inLanguage":"fr-FR","potentialAction":[{"@type":"ReadAction","target":["https:\/\/les-petites-pepites.fr\/index.php\/nos-playlists\/"]}]},{"@type":"BreadcrumbList","@id":"https:\/\/les-petites-pepites.fr\/index.php\/nos-playlists\/#breadcrumb","itemListElement":[{"@type":"ListItem","position":1,"name":"Accueil","item":"https:\/\/les-petites-pepites.fr\/"},{"@type":"ListItem","position":2,"name":"playlists"}]},{"@type":"WebSite","@id":"https:\/\/les-petites-pepites.fr\/#website","url":"https:\/\/les-petites-pepites.fr\/","name":"Les petites p\u00e9pites DJ","description":"Du bon son pour vos evenements","publisher":{"@id":"https:\/\/les-petites-pepites.fr\/#organization"},"potentialAction":[{"@type":"SearchAction","target":{"@type":"EntryPoint","urlTemplate":"https:\/\/les-petites-pepites.fr\/?s={search_term_string}"},"query-input":{"@type":"PropertyValueSpecification","valueRequired":true,"valueName":"search_term_string"}}],"inLanguage":"fr-FR"},{"@type":"Organization","@id":"https:\/\/les-petites-pepites.fr\/#organization","name":"Les petites p\u00e9pites DJ","url":"https:\/\/les-petites-pepites.fr\/","logo":{"@type":"ImageObject","inLanguage":"fr-FR","@id":"https:\/\/les-petites-pepites.fr\/#\/schema\/logo\/image\/","url":"https:\/\/les-petites-pepites.fr\/wp-content\/uploads\/2023\/09\/cropped-Plan-de-travail-1.png","contentUrl":"https:\/\/les-petites-pepites.fr\/wp-content\/uploads\/2023\/09\/cropped-Plan-de-travail-1.png","width":141,"height":142,"caption":"Les petites p\u00e9pites DJ"},"image":{"@id":"https:\/\/les-petites-pepites.fr\/#\/schema\/logo\/image\/"},"sameAs":["https:\/\/www.facebook.com\/lespetitespepites","https:\/\/www.instagram.com\/les.petites.pepites.dj\/","https:\/\/linktr.ee\/lespetitespepites","https:\/\/open.spotify.com\/user\/11128326411?si=520dda07c78b45e3&nd=1","https:\/\/fr.linkedin.com\/company\/les-petites-ppites-djs"]}]}},"uagb_featured_image_src":{"full":false,"thumbnail":false,"medium":false,"medium_large":false,"large":false,"1536x1536":false,"2048x2048":false},"uagb_author_info":{"display_name":"sebastien Dolt","author_link":"https:\/\/les-petites-pepites.fr\/index.php\/author\/admin2293\/"},"uagb_comment_info":0,"uagb_excerpt":"NOS PLAYLISTS Retrouvez ici des playlists \u00ab types \u00bb, pour d\u00e9couvrir une infime partie de ce que l\u2019on peut vous proposer. Comme chaque moment, chaque \u00e9v\u00e8nement est diff\u00e8rent, on vous concoctera donc toujours des playlists sur mesure, selon vos souhaits musicaux et avec le DJ qui correspond le mieux a vos attentes ! Nous sommes\u2026","_links":{"self":[{"href":"https:\/\/les-petites-pepites.fr\/index.php\/wp-json\/wp\/v2\/pages\/2","targetHints":{"allow":["GET"]}}],"collection":[{"href":"https:\/\/les-petites-pepites.fr\/index.php\/wp-json\/wp\/v2\/pages"}],"about":[{"href":"https:\/\/les-petites-pepites.fr\/index.php\/wp-json\/wp\/v2\/types\/page"}],"author":[{"embeddable":true,"href":"https:\/\/les-petites-pepites.fr\/index.php\/wp-json\/wp\/v2\/users\/1"}],"replies":[{"embeddable":true,"href":"https:\/\/les-petites-pepites.fr\/index.php\/wp-json\/wp\/v2\/comments?post=2"}],"version-history":[{"count":48,"href":"https:\/\/les-petites-pepites.fr\/index.php\/wp-json\/wp\/v2\/pages\/2\/revisions"}],"predecessor-version":[{"id":1294,"href":"https:\/\/les-petites-pepites.fr\/index.php\/wp-json\/wp\/v2\/pages\/2\/revisions\/1294"}],"wp:attachment":[{"href":"https:\/\/les-petites-pepites.fr\/index.php\/wp-json\/wp\/v2\/media?parent=2"}],"curies":[{"name":"wp","href":"https:\/\/api.w.org\/{rel}","templated":true}]}}